{"id":116,"date":"2017-05-28T18:00:08","date_gmt":"2017-05-28T09:00:08","guid":{"rendered":"http:\/\/www.gpaj.org\/?page_id=116"},"modified":"2020-06-07T12:26:23","modified_gmt":"2020-06-07T03:26:23","slug":"hasegawa-sukehiro","status":"publish","type":"page","link":"http:\/\/www.gpaj.org\/ja\/activities\/members\/hasegawa-sukehiro","title":{"rendered":"\u9577\u8c37\u5ddd\u3000\ufa4f\u5f18"},"content":{"rendered":"<p><\/p>\n<div style=\"font-size:15pt;\"><strong>\u6c0f\u540d<\/strong><\/div>\n<p><img loading=\"lazy\" decoding=\"async\" src=\"http:\/\/www.gpaj.org\/wp-content\/uploads\/Membership\/sukehiro-hasegawa_200523.jpg\" alt=\"Sukehiro HASEGAWA\" width=\"250\" height=\"350\" class=\"alignright size-full wp-image-13936\" \/><\/p>\n<p>\u3000\u9577\u8c37\u5ddd\u3000\ufa4f\u5f18 (\u306f\u305b\u304c\u308f \u3059\u3051\u3072\u308d)<\/p>\n<p><\/br><\/p>\n<div style=\"font-size:15pt;\"><strong>\u6240\u5c5e<\/strong><\/div>\n<p>\u3000\u30fb\u7279\u5b9a\u975e\u55b6\u5229\u6d3b\u52d5\u6cd5\u4eba \u65e5\u672c\u56fd\u969b\u5e73\u548c\u69cb\u7bc9\u5354\u4f1a \u7406\u4e8b\u9577<\/p>\n<p>\u3000\u30fb\u30b0\u30ed\u30fc\u30d0\u30eb\u30ac\u30d0\u30ca\u30f3\u30b9\u63a8\u9032\u59d4\u54e1\u4f1a\u5ea7\u9577(2019-)<\/p>\n<p>\u3000\u30fb\u8ca1\u56e3\u6cd5\u4eba \u65e5\u672c\u56fd\u9023\u5354\u4f1a\u5b66\u8853\u4ea4\u6d41\u62c5\u5f53\u7406\u4e8b<\/p>\n<p>\u3000\u30fb\u56fd\u9023\u30b7\u30b9\u30c6\u30e0\u5b66\u8853\u8a55\u8b70\u4f1a(ACUNS)\u6771\u30a2\u30b8\u30a2\u9023\u7d61\u4e8b\u52d9\u6240\u9577<\/p>\n<p>\u3000\u30fb\u5e83\u5cf6\u30d4\u30fc\u30b9\u30d3\u30eb\u30c0\u30fc\u30ba\u8a55\u8b70\u4f1a\u59d4\u54e1\u9577<\/p>\n<p>\u3000\u30fb\u56fd\u9023\u30b7\u30b9\u30c6\u30e0\u5354\u8b70\u4f1a(ACUNS)\u6771\u4eac\u4e8b\u52d9\u6240\u9577<\/p>\n<p>\u3000\u30fb\u516c\u76ca\u793e\u56e3\u6cd5\u4eba \u65e5\u672c\u30e6\u30cd\u30b9\u30b3\u5354\u4f1a\u9023\u76df\u8a55\u8b70\u54e1<\/p>\n<p>\u3000\u30fb\u5730\u7403\u61b2\u7ae0\u30a2\u30b8\u30a2\u592a\u5e73\u6d0b\u65e5\u672c\u59d4\u54e1\u4f1a\u7406\u4e8b<\/p>\n<p><\/br><\/p>\n<div style=\"font-size:15pt;\"><strong>\u5354\u4f1a\u5185\u3067\u306e\u6d3b\u52d5<\/strong><\/div>\n<div style=\"font-size:12pt;\"><strong><\/strong><\/div>\n<p>\u3000\u30fb<a href=\"http:\/\/www.gpaj.org\/ja\/about\/president\">\u7279\u5b9a\u975e\u55b6\u5229\u6d3b\u52d5\u6cd5\u4eba \u65e5\u672c\u56fd\u969b\u5e73\u548c\u69cb\u7bc9\u5354\u4f1a \u7406\u4e8b\u9577<\/a><\/p>\n<p><\/br><\/p>\n<div style=\"font-size:15pt;\"><strong>\u8077\u6b74<\/strong><\/div>\n<p>\u3000\u30fb\u30b0\u30ed\u30fc\u30d0\u30eb\u30ac\u30d0\u30ca\u30f3\u30b9\u63a8\u9032\u59d4\u54e1\u4f1a\u5ea7\u9577(2019-)<\/p>\n<p>\u3000\u30fb\u7279\u5b9a\u975e\u55b6\u5229\u6d3b\u52d5\u6cd5\u4eba\u65e5\u672c\u56fd\u969b\u5e73\u548c\u69cb\u7bc9\u5354\u4f1a \u7406\u4e8b\u9577(2017-)<\/p>\n<p>\u3000\u30fb\u56fd\u9023\u30b7\u30b9\u30c6\u30e0\u5b66\u8853\u8a55\u8b70\u4f1a(ACUNS) \u6771\u4eac\u9023\u7d61\u4e8b\u52d9\u6240\u9577(2015-)<\/p>\n<p>\u3000\u30fb\u65e5\u672c\u56fd\u969b\u9023\u5408\u5354\u4f1a \u5b66\u8853\u4ea4\u6d41\u62c5\u5f53\u7406\u4e8b(2014-)<\/p>\n<p>\u3000\u30fb\u65e5\u672c\u56fd\u969b\u9023\u5408\u5b66\u4f1a \u7406\u4e8b(2007-2016)<\/p>\n<p>\u3000\u30fb\u56fd\u9023\u5927\u5b66 \u5ba2\u54e1\u6559\u6388(2007-2015)<\/p>\n<p>\u3000\u30fb\u6cd5\u653f\u5927\u5b66\u6cd5\u5b66\u90e8 \u6559\u6388(2007-2013)<\/p>\n<p>\u3000\u30fb\u56fd\u9023\u4e8b\u52d9\u7dcf\u9577\u7279\u5225\u4ee3\u8868(\u6771\u30c6\u30a3\u30e2\u30fc\u30eb\u62c5\u5f53)(2004-2006)<\/p>\n<p>\u3000\u30fb\u56fd\u9023\u4e8b\u52d9\u7dcf\u9577\u7279\u5225\u526f\u4ee3\u8868(\u6771\u30c6\u30a3\u30e2\u30fc\u30eb\u62c5\u5f53)(2002-2004)<\/p>\n<p>\u3000\u30fb\u6771\u30c6\u30a3\u30e2\u30fc\u30eb\u56fd\u9023\u5e38\u99d0\u4eba\u9053\u8abf\u6574\u5b98(2002-2006)<\/p>\n<p>\u3000\u30fb\u56fd\u9023\u958b\u767a\u8a08\u753b(UNDP)\u99d0\u65e5\u4ee3\u8868(1999-2002)<\/p>\n<p style=\"margin-left: 1em; text-indent: -1em;\">\u3000\u30fb\u56fd\u9023\u958b\u767a\u8a08\u753b(UNDP)\u30cb\u30e5\u30fc\u30e8\u30fc\u30af\u672c\u90e8\u30a2\u30b8\u30a2\u592a\u5e73\u6d0b\u5730\u57df\u5c40\u6b21\u9577(1996-1999)<\/p>\n<p>\u3000\u30fb\u56fd\u9023\u30eb\u30ef\u30f3\u30c0\u5e38\u99d0\u4eba\u9053\u8abf\u6574\u5b98(1995-1996)<\/p>\n<p>\u3000\u30fb\u7b2c\u4e8c\u6b21\u56fd\u9023\u30bd\u30de\u30ea\u30a2\u6d3b\u52d5(UNOSOM II)\u653f\u7b56\u4f01\u753b\u62c5\u5f53\u90e8\u9577(1994-1995)<\/p>\n<p>\u3000\u30fb\u56fd\u9023\u30dc\u30e9\u30f3\u30c6\u30a3\u30a2(UNV)\u30ab\u30f3\u30dc\u30b8\u30a2\u9078\u6319\u76e3\u8996\u56e3\u7d71\u62ec\u5b98(1993)<\/p>\n<p>\u3000\u30fb\u56fd\u9023\u30dc\u30e9\u30f3\u30c6\u30a3\u30a2(UNV)\u30b8\u30e5\u30cd\u30fc\u30f4\u672c\u90e8\u4e8b\u52d9\u5c40\u6b21\u9577(1986-1993)<\/p>\n<p style=\"margin-left: 1em; text-indent: -1em;\">\u3000\u30fb\u56fd\u9023\u5e38\u99d0\u4eba\u9053\u8abf\u6574\u5b98 \u517c \u56fd\u9023\u958b\u767a\u8a08\u753b(UNDP)\u5357\u592a\u5e73\u6d0b\u5730\u57df\u5e38\u99d0\u4ee3\u8868(1984-1996)<\/p>\n<p style=\"margin-left: 1em; text-indent: -1em;\">\u3000\u30fb\u56fd\u9023\u958b\u767a\u8a08\u753b(UNDP)\u5e38\u99d0\u526f\u4ee3\u8868(\u30a4\u30f3\u30c9\u30cd\u30b7\u30a21980-1984; \u30cd\u30d1\u30fc\u30eb1978-1980)<\/p>\n<p>\u3000\u30fb\u56fd\u9023\u958b\u767a\u8a08\u753b\u30cb\u30e5\u30fc\u30e8\u30fc\u30af\u672c\u90e8\u52e4\u52d9(1969-1977)<\/p>\n<p><\/br><\/p>\n<\/div>\n<div style=\"font-size:15pt;\"><strong>\u5b66\u6b74<\/strong><\/div>\n<p>\u3000\u30fb\u30ef\u30b7\u30f3\u30c8\u30f3\u5927\u5b66\u535a\u58eb\u53f7(\u56fd\u969b\u95a2\u4fc2\u958b\u767a\u8ad6)\u53d6\u5f97(1974)<\/p>\n<p>\u3000\u30fb\u56fd\u969b\u57fa\u7763\u6559\u5927\u5b66\u5927\u5b66\u9662\u4fee\u58eb\u53f7(\u56fd\u969b\u884c\u653f\u5b66)\u53d6\u5f97(1968)<\/p>\n<p>\u3000\u30fb\u30df\u30b7\u30ac\u30f3\u5927\u5b66\u5b66\u58eb\u53f7(\u653f\u6cbb\u5b66)\u53d6\u5f97(1966)<\/p>\n<p><\/br><\/p>\n<\/div>\n<div style=\"font-size:15pt;\"><strong>\u51fa\u7248\u7269<\/strong><\/div>\n<div style=\"font-size:12pt;\"><strong>2020<\/strong><\/div>\n<p>\u3000\u30fb\u9577\u8c37\u5ddd\u7950\u5f18(2020)\u300e\u5e73\u548c\u69cb\u7bc9\u306e\u5fd7\u300f\u5275\u6210\u793e.<\/p>\n<p style=\"margin-left: 1em; text-indent: -1em;\">\u3000\u30fb\u9577\u8c37\u5ddd\u7950\u5f18(2020)\u300c\u56fd\u969b\u9023\u5408\u306e\u5909\u9077\u3059\u308b\u5f79\u5272\u306b\u95a2\u3057\u3066\u306e\u8003\u5bdf\u300d\u300e\u56fd\u9023\u30b8\u30e3\u30fc\u30ca\u30eb\u300f. 2020\u5e74 \u6625\u53f7. \u65e5\u672c\u56fd\u969b\u9023\u5408\u5354\u4f1a\uff1a13-22\u9801.<\/p>\n<div style=\"font-size:12pt;\"><strong>2019<\/strong><\/div>\n<p style=\"margin-left: 1em; text-indent: -1em;\">\u3000\u30fbHasegawa, Sukehiro (2019). &#8220;Stimmen zu Deutschland im Sicherheitsrat 2019\/2010:  Vision\u00e4re Fihrugngsrolle n\u00f6tig,&#8221; in <em>Zeitschrift f\u00fcr die Vereinten Nationen und ihre Sonderorganisationen, 2\/19 (Deutsche Gesellscnaft fur die Vereinten Nationen e.V.)<\/em>, p.74. ISSN: 0042-384X<\/p>\n<p style=\"margin-left: 1em; text-indent: -1em;\">\u3000\u30fb\u9577\u8c37\u5ddd\u7950\u5f18(2019)\u300c\u65e5\u4e2d\u97d3\u56fd\u9023\u4f1a\u9577\u4f1a\u8b70\u2015\u5343\u7384\u5ba4\u4f1a\u9577\u304c\u500b\u4eba\u3068\u56fd\u5bb6\u306e\u878d\u548c\u306b\u5fc5\u8981\u6027\u3092\u8aac\u304f\u300d\u300e\u56fd\u9023\u30b8\u30e3\u30fc\u30ca\u30eb\u300f. 2019\u5e74 \u6625\u53f7. \u65e5\u672c\u56fd\u969b\u9023\u5408\u5354\u4f1a\uff1a16-34\u9801.<\/p>\n<div style=\"font-size:12pt;\"><strong>2018<\/strong><\/div>\n<p style=\"margin-left: 1em; text-indent: -1em;\">\u3000\u30fb\u9577\u8c37\u5ddd\u7950\u5f18(2018)\u300e<a href=\"https:\/\/www.nippyo.co.jp\/shop\/book\/7690.html\" target=\"_blank\" rel=\"noopener noreferrer\">\u56fd\u9023\u5e73\u548c\u69cb\u7bc9\u2015\u2015\u7d1b\u4e89\u306e\u306a\u3044\u4e16\u754c\u3092\u7bc9\u304f\u305f\u3081\u306b\u4f55\u304c\u5fc5\u8981\u304b\u2015\u2015<\/a>\u300f. \u65e5\u672c\u8a55\u8ad6\u793e.<\/p>\n<p style=\"margin-left: 1em; text-indent: -1em;\">\u3000\u30fb\u9577\u8c37\u5ddd\u7950\u5f18(2018)\u300c\u8ee2\u6a5f\u306b\u304d\u305f\u65e5\u4e2d\u97d3\u3068\u56fd\u9023\u3068\u306e\u95a2\u4fc2\u300d\u300e<a href=\"http:\/\/www.unaj.or.jp\/hanbai\/journal.html\" target=\"_blank\" rel=\"noopener noreferrer\">\u56fd\u9023\u30b8\u30e3\u30fc\u30ca\u30eb<\/a>\u300f. 2018\u5e74 \u6625\u53f7. \u65e5\u672c\u56fd\u969b\u9023\u5408\u5354\u4f1a\uff1a21\uff0d44\u9801.<\/p>\n<\/div>\n<div style=\"font-size:12pt;\"><strong>2017<\/strong><\/p>\n<p style=\"margin-left: 1em; text-indent: -1em;\">\u3000\u30fb\u9577\u8c37\u5ddd\u7950\u5f18(2017)\u300c\u6771\u30c6\u30a3\u30e2\u30fc\u30eb\u306e\u5e73\u548c\u69cb\u7bc9\u3068\u6307\u5c0e\u8005\u306e\u5f79\u5272\u2500\u25002006\u5e74\u306e\u56fd\u5bb6\u5371\u6a5f\u304b\u3089\u5b66\u3093\u3060\u6559\u8a13\u2015\u2015\u300d\u6771\u5927\u4f5c\uff08\u7de8\uff09\u300e<a href=\"https:\/\/www.nippyo.co.jp\/shop\/book\/7406.html\" target=\"_blank\" rel=\"noopener noreferrer\">\u4eba\u9593\u306e\u5b89\u5168\u4fdd\u969c\u3068\u5e73\u548c\u69cb\u7bc9<\/a>\u300f\u65e5\u672c\u8a55\u8ad6\u793e\uff1a51\uff0d70\u9801.<\/p>\n<p style=\"margin-left: 1em; text-indent: -1em;\">\u3000\u30fbHasegawa, Sukehiro. (March 2017). Meeting of Heads of UN Association of Japan, China and Korea &#8211; Improved Selection Process for the Secretary-General of the United Nations and Discussion of Conflict Prevention of Japan, China and Korea. <a href=\"http:\/\/www.unaj.or.jp\/hanbai\/journal.html\" target=\"_blank\" rel=\"noopener noreferrer\"><em>United Nations Journal<\/em><\/a>. The United Nations Association of Japan: 15-25.<\/p>\n<div style=\"font-size:12pt;\"><strong>2016<\/strong><\/div>\n<p style=\"margin-left: 1em; text-indent: -1em;\">\u3000\u30fbHasegawa, Sukehiro. (2016). <a href=\"http:\/\/www.gpaj.org\/2015\/05\/08\/14345\/\">Post-Conflict Leadership&#8211; Key to Sustainable Peace and Development<\/a>. <em>UN Chronicle<\/em>. New York.<\/p>\n<div style=\"font-size:12pt;\"><strong>2015<\/strong><\/div>\n<p style=\"margin-left: 1em; text-indent: -1em;\">\u3000\u30fbHasegawa, Sukehiro (2015). Japan and the United Nations: Its Past, Present and Future. In Hiroshi Kato et. al. eds. <em>Japan&#8217;s Development Assistance: Foreign Aid and the Post-2015 Agenda<\/em>. Palgrave Macmillan: 239-254.<\/p>\n<div style=\"font-size:12pt;\"><strong>2013<\/strong><\/div>\n<p style=\"margin-left: 1em; text-indent: -1em;\">\u3000\u30fbHasegawa, Sukehiro. (2013). <em>Primordial Leadership: Peacebuilding and National Ownership in Timor-Leste<\/em>. Tokyo: UN University Press.<\/p>\n<div style=\"font-size:12pt;\"><strong>2010<\/strong><\/div>\n<p style=\"margin-left: 1em; text-indent: -1em;\">\u3000\u30fbHasegawa, Sukehiro. (2010). \u201cThe 20 and the United Nations in Global Economic Governance,\u201d <em>Korean Journal of International Organizations<\/em>, Vol.5 No.1.<\/p>\n<p><br clear=\"all\" \/><br clear=\"all\" \/><\/p>\n<p><\/p>","protected":false},"excerpt":{"rendered":"<p>\u6c0f\u540d \u3000\u9577\u8c37\u5ddd\u3000\ufa4f\u5f18 (\u306f\u305b\u304c\u308f \u3059\u3051\u3072\u308d) \u6240\u5c5e \u3000\u30fb\u7279\u5b9a\u975e\u55b6\u5229\u6d3b\u52d5\u6cd5\u4eba \u65e5\u672c\u56fd\u969b\u5e73\u548c\u69cb\u7bc9\u5354\u4f1a \u7406\u4e8b\u9577 \u3000\u30fb\u30b0\u30ed\u30fc\u30d0\u30eb\u30ac\u30d0\u30ca\u30f3\u30b9\u63a8\u9032\u59d4\u54e1\u4f1a&#8230;<\/p>\n","protected":false},"author":1,"featured_media":0,"parent":36,"menu_order":0,"comment_status":"closed","ping_status":"closed","template":"","meta":{"footnotes":""},"class_list":["post-116","page","type-page","status-publish","hentry"],"_links":{"self":[{"href":"http:\/\/www.gpaj.org\/ja\/wp-json\/wp\/v2\/pages\/116","targetHints":{"allow":["GET"]}}],"collection":[{"href":"http:\/\/www.gpaj.org\/ja\/wp-json\/wp\/v2\/pages"}],"about":[{"href":"http:\/\/www.gpaj.org\/ja\/wp-json\/wp\/v2\/types\/page"}],"author":[{"embeddable":true,"href":"http:\/\/www.gpaj.org\/ja\/wp-json\/wp\/v2\/users\/1"}],"replies":[{"embeddable":true,"href":"http:\/\/www.gpaj.org\/ja\/wp-json\/wp\/v2\/comments?post=116"}],"version-history":[{"count":24,"href":"http:\/\/www.gpaj.org\/ja\/wp-json\/wp\/v2\/pages\/116\/revisions"}],"predecessor-version":[{"id":18911,"href":"http:\/\/www.gpaj.org\/ja\/wp-json\/wp\/v2\/pages\/116\/revisions\/18911"}],"up":[{"embeddable":true,"href":"http:\/\/www.gpaj.org\/ja\/wp-json\/wp\/v2\/pages\/36"}],"wp:attachment":[{"href":"http:\/\/www.gpaj.org\/ja\/wp-json\/wp\/v2\/media?parent=116"}],"curies":[{"name":"wp","href":"https:\/\/api.w.org\/{rel}","templated":true}]}}